{"id":29,"date":"2026-01-02T15:18:07","date_gmt":"2026-01-02T15:18:07","guid":{"rendered":"http:\/\/nachbarschaftshilfe-nendingen.de\/?page_id=29"},"modified":"2026-01-02T15:46:06","modified_gmt":"2026-01-02T15:46:06","slug":"datenschutzerklaerung","status":"publish","type":"page","link":"https:\/\/nachbarschaftshilfe-nendingen.de\/?page_id=29","title":{"rendered":"Datenschutzerkl\u00e4rung"},"content":{"rendered":"\n<p><strong>Informationspflicht bei Erhebung von personenbezogenen Daten gem\u00e4\u00df Art. 13 DS-GVO<\/strong><\/p>\n\n\n\n<p><strong>1. Name und Kontaktdaten des Verantwortlichen sowie seines Vertreters<\/strong><\/p>\n\n\n\n<p>Verantwortlicher im Sinne des Art. 13 Abs.1 lit. a) DS-GVO ist<\/p>\n\n\n\n<p>Nachbarschaftshilfe Nendingen e.V.<\/p>\n\n\n\n<p>Rathaus Nendingen<\/p>\n\n\n\n<p>M\u00fchlheimerstr. 76<\/p>\n\n\n\n<p>78532 Tuttlingen<\/p>\n\n\n\n<p>Telefon: 01632586702<\/p>\n\n\n\n<p>info@nachbarschaftshilfe-nendingen.de<\/p>\n\n\n\n<p>1. Vorstand: Klaus Braun, Reutestr. 11, 78532 Tuttlingen<\/p>\n\n\n\n<p>Einsatzleitung: Yvonne Beck, Am Schneckengarten 14, 78532 Tuttlingen<\/p>\n\n\n\n<p><strong>2. Zwecke und Rechtsgrundlage der Verarbeitung<\/strong><\/p>\n\n\n\n<p><strong>&nbsp;<\/strong>Die Nachbarschaftshilfe Nendingen e.V. verarbeitet folgende personenbezogene Daten:<\/p>\n\n\n\n<ul class=\"wp-block-list\">\n<li>\u00a0Zum Zwecke der Mitgliederverwaltung werden Name, Vorname, Adresse und Geburtsdatum verarbeitet<\/li>\n\n\n\n<li>Zum Zwecke der Beitragsverwaltung wird die Bankverbindung verarbeitet.<\/li>\n\n\n\n<li>Zum Zwecke der Rechnungsstellung werden Name, Vorname, Adresse, Geburtsdatum und die Bankverbindung verarbeitet.<\/li>\n\n\n\n<li>Zum Zwecke der Auszahlung der Aufwandsentsch\u00e4digung werden Name, Vorname, Adresse, Geburtsdatum und die Bankverbindung verarbeitet.<\/li>\n<\/ul>\n\n\n\n<p>&nbsp;<strong>Die Rechtsgrundlage hierf\u00fcr ist Art. 6 Abs. 1 DS-GVO<\/strong><\/p>\n\n\n\n<p><strong>3. Speicherdauer<\/strong><\/p>\n\n\n\n<ul class=\"wp-block-list\">\n<li>Die f\u00fcr die Mitgliederverwaltung notwendigen Daten Name, Vorname, Adresse, Geburtsdatum und Bankverbindung, werden nach Beendigung der Mitgliedschaft gel\u00f6scht.<\/li>\n\n\n\n<li>Die f\u00fcr die Rechnungsstellung notwendigen Daten Name, Vorname, Adresse, Geburtsdatum und Bankverbindung werden nach der gesetzlichen Aufbewahrungsfrist 10 Jahre gespeichert.<\/li>\n\n\n\n<li>Die f\u00fcr die Auszahlung der Aufwandsentsch\u00e4digung notwendigen Daten Name, Vorname, Adresse, Geburtsdatum und Bankverbindung werden nach der gesetzlichen Aufbewahrungsfrist 10 Jahre gespeichert.<\/li>\n\n\n\n<li>Im Falle des Widerrufs der Einwilligung werden die Daten unverz\u00fcglich gel\u00f6scht.<\/li>\n<\/ul>\n\n\n\n<p><strong>4. Betroffenenrechte<\/strong><\/p>\n\n\n\n<p>Dem Vereinsmitglied steht ein Recht auf Auskunft (Art. 15 DS-GVO) sowie ein Recht auf Berichtigung (Art.16 DS-GVO) oder L\u00f6schung (Art. 17 DS-GVO) oder auf Einschr\u00e4nkung der Verarbeitung (Art. 18 DS-GVO) oder ein Recht auf Widerspruch gegen die Verarbeitung (Art.21 DS-GVO) sowie ein Recht auf Daten\u00fcbertragbarkeit (Art. 20 DS-GVO) zu.<\/p>\n\n\n\n<p>Das Vereinsmitglied hat das Recht, seine datenschutzrechtliche Einwilligungserkl\u00e4rung jederzeit zu widerrufen. Durch den Widerruf der Einwilligung wird die Rechtm\u00e4\u00dfigkeit der aufgrund der Einwilligung bis zum Widerruf erfolgten Verarbeitung nicht ber\u00fchrt.<\/p>\n","protected":false},"excerpt":{"rendered":"<p>Informationspflicht bei Erhebung von personenbezogenen Daten gem\u00e4\u00df Art. 13 DS-GVO 1. Name und Kontaktdaten des Verantwortlichen sowie seines Vertreters Verantwortlicher im Sinne des Art. 13 Abs.1 lit. a) DS-GVO ist Nachbarschaftshilfe Nendingen e.V. Rathaus Nendingen M\u00fchlheimerstr. 76 78532 Tuttlingen Telefon: 01632586702 info@nachbarschaftshilfe-nendingen.de 1. Vorstand: Klaus Braun, Reutestr. 11, 78532 Tuttlingen Einsatzleitung: Yvonne Beck, Am Schneckengarten [&hellip;]<\/p>\n","protected":false},"author":1,"featured_media":0,"parent":0,"menu_order":0,"comment_status":"closed","ping_status":"closed","template":"","meta":{"footnotes":""},"class_list":["post-29","page","type-page","status-publish","hentry"],"_links":{"self":[{"href":"https:\/\/nachbarschaftshilfe-nendingen.de\/index.php?rest_route=\/wp\/v2\/pages\/29","targetHints":{"allow":["GET"]}}],"collection":[{"href":"https:\/\/nachbarschaftshilfe-nendingen.de\/index.php?rest_route=\/wp\/v2\/pages"}],"about":[{"href":"https:\/\/nachbarschaftshilfe-nendingen.de\/index.php?rest_route=\/wp\/v2\/types\/page"}],"author":[{"embeddable":true,"href":"https:\/\/nachbarschaftshilfe-nendingen.de\/index.php?rest_route=\/wp\/v2\/users\/1"}],"replies":[{"embeddable":true,"href":"https:\/\/nachbarschaftshilfe-nendingen.de\/index.php?rest_route=%2Fwp%2Fv2%2Fcomments&post=29"}],"version-history":[{"count":1,"href":"https:\/\/nachbarschaftshilfe-nendingen.de\/index.php?rest_route=\/wp\/v2\/pages\/29\/revisions"}],"predecessor-version":[{"id":36,"href":"https:\/\/nachbarschaftshilfe-nendingen.de\/index.php?rest_route=\/wp\/v2\/pages\/29\/revisions\/36"}],"wp:attachment":[{"href":"https:\/\/nachbarschaftshilfe-nendingen.de\/index.php?rest_route=%2Fwp%2Fv2%2Fmedia&parent=29"}],"curies":[{"name":"wp","href":"https:\/\/api.w.org\/{rel}","templated":true}]}}